{"id":12,"date":"2021-12-07T08:31:38","date_gmt":"2021-12-07T05:31:38","guid":{"rendered":"https:\/\/www.sadirvantaburesi.com\/?page_id=12"},"modified":"2023-04-07T10:35:03","modified_gmt":"2023-04-07T07:35:03","slug":"sadirvan-taburesi","status":"publish","type":"page","link":"https:\/\/www.sadirvantaburesi.com\/","title":{"rendered":"\u015ead\u0131rvan Taburesi"},"content":{"rendered":"\n<div class=\"wp-block-columns is-layout-flex wp-container-core-columns-is-layout-9d6595d7 wp-block-columns-is-layout-flex\">\n<div class=\"wp-block-column is-layout-flow wp-block-column-is-layout-flow\" style=\"flex-basis:100%\">\n<p>Camiler, mescidler, oteller, al\u0131\u015fveri\u015f merkezleri, fabrikalar, okullar, yurtlar, hastaneler, resmi kurumlar ve abdest almak gereken her yerde kullan\u0131lmak \u00fczere \u015fad\u0131rvan taburesi, \u015fad\u0131rvan ayakl\u0131\u011f\u0131, paslanmaz \u0131zgara ve abdesthane \u00fcr\u00fcnleri imalat ve sat\u0131\u015f\u0131.<\/p>\n<\/div>\n<\/div>\n\n\n\n<div class=\"wp-block-columns alignwide are-vertically-aligned-top is-layout-flex wp-container-core-columns-is-layout-9d6595d7 wp-block-columns-is-layout-flex\">\n<div class=\"wp-block-column is-vertically-aligned-top is-layout-flow wp-block-column-is-layout-flow\">\n<figure class=\"wp-block-image size-full\"><a href=\"https:\/\/www.sadirvantaburesi.com\/index.php\/sadirvan-tabureleri\"><img loading=\"lazy\" decoding=\"async\" width=\"338\" height=\"338\" src=\"https:\/\/www.sadirvantaburesi.com\/wp-content\/uploads\/2022\/02\/sadirvan-taburesi.jpg\" alt=\"\u015ead\u0131rvan Taburesi\" class=\"wp-image-283\" srcset=\"https:\/\/www.sadirvantaburesi.com\/wp-content\/uploads\/2022\/02\/sadirvan-taburesi.jpg 338w, https:\/\/www.sadirvantaburesi.com\/wp-content\/uploads\/2022\/02\/sadirvan-taburesi-300x300.jpg 300w, https:\/\/www.sadirvantaburesi.com\/wp-content\/uploads\/2022\/02\/sadirvan-taburesi-150x150.jpg 150w\" sizes=\"auto, (max-width: 338px) 100vw, 338px\" \/><\/a><figcaption class=\"wp-element-caption\"><a href=\"https:\/\/www.sadirvantaburesi.com\/index.php\/sadirvan-tabureleri\">\u015ead\u0131rvan Taburesi<\/a><\/figcaption><\/figure>\n<\/div>\n\n\n\n<div class=\"wp-block-column is-vertically-aligned-top is-layout-flow wp-block-column-is-layout-flow\"><div class=\"wp-block-image is-style-default\">\n<figure class=\"aligncenter size-full\"><a href=\"https:\/\/www.sadirvantaburesi.com\/index.php\/abdest-taburesi\/\"><img loading=\"lazy\" decoding=\"async\" width=\"338\" height=\"338\" src=\"https:\/\/www.sadirvantaburesi.com\/wp-content\/uploads\/2022\/02\/abdest-taburesi.jpg\" alt=\"Abdest Taburesi\" class=\"wp-image-285\" srcset=\"https:\/\/www.sadirvantaburesi.com\/wp-content\/uploads\/2022\/02\/abdest-taburesi.jpg 338w, https:\/\/www.sadirvantaburesi.com\/wp-content\/uploads\/2022\/02\/abdest-taburesi-300x300.jpg 300w, https:\/\/www.sadirvantaburesi.com\/wp-content\/uploads\/2022\/02\/abdest-taburesi-150x150.jpg 150w\" sizes=\"auto, (max-width: 338px) 100vw, 338px\" \/><\/a><figcaption class=\"wp-element-caption\"><a href=\"https:\/\/www.sadirvantaburesi.com\/index.php\/abdest-taburesi\/\">Abdest Taburesi<\/a><\/figcaption><\/figure>\n<\/div><\/div>\n\n\n\n<div class=\"wp-block-column is-vertically-aligned-top is-layout-flow wp-block-column-is-layout-flow\">\n<figure class=\"wp-block-image size-full\"><a href=\"https:\/\/www.sadirvantaburesi.com\/index.php\/abdesthane-taburesi\/\"><img loading=\"lazy\" decoding=\"async\" width=\"338\" height=\"338\" src=\"https:\/\/www.sadirvantaburesi.com\/wp-content\/uploads\/2022\/02\/abdesthane-taburesi.jpg\" alt=\"Abdesthane Taburesi\" class=\"wp-image-286\" srcset=\"https:\/\/www.sadirvantaburesi.com\/wp-content\/uploads\/2022\/02\/abdesthane-taburesi.jpg 338w, https:\/\/www.sadirvantaburesi.com\/wp-content\/uploads\/2022\/02\/abdesthane-taburesi-300x300.jpg 300w, https:\/\/www.sadirvantaburesi.com\/wp-content\/uploads\/2022\/02\/abdesthane-taburesi-150x150.jpg 150w\" sizes=\"auto, (max-width: 338px) 100vw, 338px\" \/><\/a><figcaption class=\"wp-element-caption\"><a href=\"https:\/\/www.sadirvantaburesi.com\/index.php\/abdesthane-taburesi\/\">Abdesthane Taburesi<\/a><\/figcaption><\/figure>\n<\/div>\n<\/div>\n\n\n\n<div class=\"wp-block-columns alignwide are-vertically-aligned-top is-layout-flex wp-container-core-columns-is-layout-9d6595d7 wp-block-columns-is-layout-flex\">\n<div class=\"wp-block-column is-vertically-aligned-top is-layout-flow wp-block-column-is-layout-flow\">\n<figure class=\"wp-block-image size-full\"><a href=\"https:\/\/www.sadirvantaburesi.com\/index.php\/sadirvan-oturagi\/\"><img loading=\"lazy\" decoding=\"async\" width=\"338\" height=\"338\" src=\"https:\/\/www.sadirvantaburesi.com\/wp-content\/uploads\/2022\/02\/sadirvan-oturagi.jpg\" alt=\"\u015ead\u0131rvan Otura\u011f\u0131\" class=\"wp-image-287\" srcset=\"https:\/\/www.sadirvantaburesi.com\/wp-content\/uploads\/2022\/02\/sadirvan-oturagi.jpg 338w, https:\/\/www.sadirvantaburesi.com\/wp-content\/uploads\/2022\/02\/sadirvan-oturagi-300x300.jpg 300w, https:\/\/www.sadirvantaburesi.com\/wp-content\/uploads\/2022\/02\/sadirvan-oturagi-150x150.jpg 150w\" sizes=\"auto, (max-width: 338px) 100vw, 338px\" \/><\/a><figcaption class=\"wp-element-caption\"><a href=\"https:\/\/www.sadirvantaburesi.com\/index.php\/sadirvan-oturagi\/\">\u015ead\u0131rvan Otura\u011f\u0131<\/a><\/figcaption><\/figure>\n<\/div>\n\n\n\n<div class=\"wp-block-column is-vertically-aligned-top is-layout-flow wp-block-column-is-layout-flow\"><div class=\"wp-block-image is-style-default\">\n<figure class=\"aligncenter size-full\"><a href=\"https:\/\/www.sadirvantaburesi.com\/index.php\/abdest-alma-oturagi\/\"><img loading=\"lazy\" decoding=\"async\" width=\"338\" height=\"338\" src=\"https:\/\/www.sadirvantaburesi.com\/wp-content\/uploads\/2022\/02\/abdest-alma-oturagi.jpg\" alt=\"Abdest Alma Otura\u011f\u0131\" class=\"wp-image-288\" srcset=\"https:\/\/www.sadirvantaburesi.com\/wp-content\/uploads\/2022\/02\/abdest-alma-oturagi.jpg 338w, https:\/\/www.sadirvantaburesi.com\/wp-content\/uploads\/2022\/02\/abdest-alma-oturagi-300x300.jpg 300w, https:\/\/www.sadirvantaburesi.com\/wp-content\/uploads\/2022\/02\/abdest-alma-oturagi-150x150.jpg 150w\" sizes=\"auto, (max-width: 338px) 100vw, 338px\" \/><\/a><figcaption class=\"wp-element-caption\"><a href=\"https:\/\/www.sadirvantaburesi.com\/index.php\/abdest-alma-oturagi\/\">Abdest Alma Otura\u011f\u0131<\/a><\/figcaption><\/figure>\n<\/div><\/div>\n\n\n\n<div class=\"wp-block-column is-vertically-aligned-top is-layout-flow wp-block-column-is-layout-flow\">\n<figure class=\"wp-block-image size-full\"><a href=\"https:\/\/www.sadirvantaburesi.com\/index.php\/seyyar-abdest-oturagi\/\"><img loading=\"lazy\" decoding=\"async\" width=\"338\" height=\"338\" src=\"https:\/\/www.sadirvantaburesi.com\/wp-content\/uploads\/2022\/02\/abdest-oturagi.jpg\" alt=\"Abdest Otura\u011f\u0131\" class=\"wp-image-289\" srcset=\"https:\/\/www.sadirvantaburesi.com\/wp-content\/uploads\/2022\/02\/abdest-oturagi.jpg 338w, https:\/\/www.sadirvantaburesi.com\/wp-content\/uploads\/2022\/02\/abdest-oturagi-300x300.jpg 300w, https:\/\/www.sadirvantaburesi.com\/wp-content\/uploads\/2022\/02\/abdest-oturagi-150x150.jpg 150w\" sizes=\"auto, (max-width: 338px) 100vw, 338px\" \/><\/a><figcaption class=\"wp-element-caption\"><a href=\"https:\/\/www.sadirvantaburesi.com\/index.php\/seyyar-abdest-oturagi\/\">Seyyar Abdest Otura\u011f\u0131<\/a><\/figcaption><\/figure>\n<\/div>\n<\/div>\n\n\n\n<div class=\"wp-block-columns alignwide are-vertically-aligned-top is-layout-flex wp-container-core-columns-is-layout-9d6595d7 wp-block-columns-is-layout-flex\">\n<div class=\"wp-block-column is-vertically-aligned-top is-layout-flow wp-block-column-is-layout-flow\">\n<figure class=\"wp-block-image size-full\"><a href=\"https:\/\/www.sadirvantaburesi.com\/index.php\/sadirvan-ayakligi\/\"><img loading=\"lazy\" decoding=\"async\" width=\"338\" height=\"338\" src=\"https:\/\/www.sadirvantaburesi.com\/wp-content\/uploads\/2022\/02\/ayak-basma.jpeg\" alt=\"Abdesthane Ayakl\u0131k\" class=\"wp-image-290\" srcset=\"https:\/\/www.sadirvantaburesi.com\/wp-content\/uploads\/2022\/02\/ayak-basma.jpeg 338w, https:\/\/www.sadirvantaburesi.com\/wp-content\/uploads\/2022\/02\/ayak-basma-300x300.jpeg 300w, https:\/\/www.sadirvantaburesi.com\/wp-content\/uploads\/2022\/02\/ayak-basma-150x150.jpeg 150w\" sizes=\"auto, (max-width: 338px) 100vw, 338px\" \/><\/a><figcaption class=\"wp-element-caption\"><a href=\"https:\/\/www.sadirvantaburesi.com\/index.php\/sadirvan-ayakligi\/\">\u015ead\u0131rvan Ayakl\u0131\u011f\u0131<\/a><\/figcaption><\/figure>\n<\/div>\n\n\n\n<div class=\"wp-block-column is-vertically-aligned-top is-layout-flow wp-block-column-is-layout-flow\">\n<figure class=\"wp-block-image size-full\"><a href=\"https:\/\/www.sadirvantaburesi.com\/index.php\/paslanmaz-kanal-izgarasi-lazer-kesim\/\"><img loading=\"lazy\" decoding=\"async\" width=\"338\" height=\"338\" src=\"https:\/\/www.sadirvantaburesi.com\/wp-content\/uploads\/2023\/04\/paslanmaz-izgara-lazer.jpg\" alt=\"\" class=\"wp-image-386\" srcset=\"https:\/\/www.sadirvantaburesi.com\/wp-content\/uploads\/2023\/04\/paslanmaz-izgara-lazer.jpg 338w, https:\/\/www.sadirvantaburesi.com\/wp-content\/uploads\/2023\/04\/paslanmaz-izgara-lazer-300x300.jpg 300w, https:\/\/www.sadirvantaburesi.com\/wp-content\/uploads\/2023\/04\/paslanmaz-izgara-lazer-150x150.jpg 150w\" sizes=\"auto, (max-width: 338px) 100vw, 338px\" \/><\/a><figcaption class=\"wp-element-caption\"><a href=\"https:\/\/www.sadirvantaburesi.com\/index.php\/paslanmaz-kanal-izgarasi-lazer-kesim\/\" rel=\"nofollow\" title=\"\">Paslanmaz Kanal Izgaras\u0131 &#8211; Lazer Kesim<\/a><\/figcaption><\/figure>\n<\/div>\n\n\n\n<div class=\"wp-block-column is-vertically-aligned-top is-layout-flow wp-block-column-is-layout-flow\">\n<figure class=\"wp-block-image size-full\"><a href=\"https:\/\/www.sadirvantaburesi.com\/index.php\/paslanmaz-izgara-kare-delikli\/\"><img loading=\"lazy\" decoding=\"async\" width=\"338\" height=\"338\" src=\"https:\/\/www.sadirvantaburesi.com\/wp-content\/uploads\/2023\/04\/paslanmaz-izgara.jpg\" alt=\"\" class=\"wp-image-387\" srcset=\"https:\/\/www.sadirvantaburesi.com\/wp-content\/uploads\/2023\/04\/paslanmaz-izgara.jpg 338w, https:\/\/www.sadirvantaburesi.com\/wp-content\/uploads\/2023\/04\/paslanmaz-izgara-300x300.jpg 300w, https:\/\/www.sadirvantaburesi.com\/wp-content\/uploads\/2023\/04\/paslanmaz-izgara-150x150.jpg 150w\" sizes=\"auto, (max-width: 338px) 100vw, 338px\" \/><\/a><figcaption class=\"wp-element-caption\"><a href=\"https:\/\/www.sadirvantaburesi.com\/index.php\/paslanmaz-izgara-kare-delikli\/\" title=\"\">Paslanmaz Izgara &#8211; Kare Delikli<\/a><\/figcaption><\/figure>\n<\/div>\n<\/div>\n\n\n\n<div class=\"wp-block-columns alignwide is-layout-flex wp-container-core-columns-is-layout-9d6595d7 wp-block-columns-is-layout-flex\">\n<div class=\"wp-block-column is-layout-flow wp-block-column-is-layout-flow\">\n<figure class=\"wp-block-image size-full\"><img decoding=\"async\" src=\"https:\/\/www.sadirvantaburesi.com\/wp-content\/uploads\/2021\/12\/e-ticaret-e1645777960892.png\" alt=\"Abdesthane otura\u011f\u0131 fiyatlar\u0131 i\u00e7in t\u0131klay\u0131n\" class=\"wp-image-171\"\/><\/figure>\n<\/div>\n\n\n\n<div class=\"wp-block-column is-vertically-aligned-center is-layout-flow wp-block-column-is-layout-flow\">\n<p class=\"has-text-align-center\">\u00dcr\u00fcnlerimizi<br><strong><a href=\"https:\/\/www.dekosandemir.com\/\" target=\"_blank\" rel=\"noreferrer noopener nofollow\">www.dekosandemir.com<\/a><br><\/strong>e-ticaret sitemizden<br>7 g\u00fcn \/ 24 saat online olarak sat\u0131n alabilirsiniz <\/p>\n<\/div>\n<\/div>\n","protected":false},"excerpt":{"rendered":"<p>Camiler, mescidler, oteller, al\u0131\u015fveri\u015f merkezleri, fabrikalar, okullar, yurtlar, hastaneler, resmi kurumlar ve abdest almak gereken her yerde kullan\u0131lmak \u00fczere \u015fad\u0131rvan taburesi, \u015fad\u0131rvan ayakl\u0131\u011f\u0131, paslanmaz \u0131zgara ve abdesthane \u00fcr\u00fcnleri imalat ve sat\u0131\u015f\u0131. \u00dcr\u00fcnlerimiziwww.dekosandemir.come-ticaret sitemizden7 g\u00fcn \/ 24 saat online olarak sat\u0131n alabilirsiniz<\/p>\n","protected":false},"author":1,"featured_media":0,"parent":0,"menu_order":0,"comment_status":"closed","ping_status":"closed","template":"","meta":{"_joinchat":[],"footnotes":""},"class_list":["post-12","page","type-page","status-publish","hentry","entry"],"aioseo_notices":[],"_links":{"self":[{"href":"https:\/\/www.sadirvantaburesi.com\/index.php\/wp-json\/wp\/v2\/pages\/12","targetHints":{"allow":["GET"]}}],"collection":[{"href":"https:\/\/www.sadirvantaburesi.com\/index.php\/wp-json\/wp\/v2\/pages"}],"about":[{"href":"https:\/\/www.sadirvantaburesi.com\/index.php\/wp-json\/wp\/v2\/types\/page"}],"author":[{"embeddable":true,"href":"https:\/\/www.sadirvantaburesi.com\/index.php\/wp-json\/wp\/v2\/users\/1"}],"replies":[{"embeddable":true,"href":"https:\/\/www.sadirvantaburesi.com\/index.php\/wp-json\/wp\/v2\/comments?post=12"}],"version-history":[{"count":50,"href":"https:\/\/www.sadirvantaburesi.com\/index.php\/wp-json\/wp\/v2\/pages\/12\/revisions"}],"predecessor-version":[{"id":431,"href":"https:\/\/www.sadirvantaburesi.com\/index.php\/wp-json\/wp\/v2\/pages\/12\/revisions\/431"}],"wp:attachment":[{"href":"https:\/\/www.sadirvantaburesi.com\/index.php\/wp-json\/wp\/v2\/media?parent=12"}],"curies":[{"name":"wp","href":"https:\/\/api.w.org\/{rel}","templated":true}]}}